{"id":92,"date":"2016-01-06T22:59:38","date_gmt":"2016-01-06T21:59:38","guid":{"rendered":"http:\/\/www.11urss.com\/?page_id=92"},"modified":"2025-03-22T10:58:46","modified_gmt":"2025-03-22T09:58:46","slug":"deutsch-einzelheiten","status":"publish","type":"page","link":"https:\/\/www.11urss.com\/de\/einzelheiten\/","title":{"rendered":"Einzelheiten"},"content":{"rendered":"<p><strong>Lage <\/strong><br \/>\nNahe dem Zentrum, 3 Minuten zum B\u00ed\u00a4cker, 5 Minuten zum Schwimmbad, 10 Minuten zum Hauptstrand. <a href=\"http:\/\/www.11urss.com\/de\/lage\/\">Karte sehen<\/a>.<br \/>\nGarten rundherum mit freie Sicht.<\/p>\n<p><strong>Innen<\/strong><br \/>\ngro\u00dfer Wohnraum mit offener Kamin und sofa mit Chaiselongue,<br \/>\ngro\u00dfer Esstisch,<br \/>\noffene gut eingerichtete K\u00fcche mit Geschirrsp\u00fcler und Ceranfeld,<br \/>\nWaschmaschine<br \/>\nKaffee-, Nespresso- und Senseomaschine,<br \/>\nneue Dusch,<br \/>\n1 Schlafzimmer mit Doppelbett und ausziehbar Kinderbett,<br \/>\n1 Zimmer mit 1 Einzelbett und 1 Etagenbett,<br \/>\nalle mit Lattenrost.<strong><br \/>\n<\/strong><\/p>\n<p><strong>Aussen<\/strong><br \/>\nGro\u00dfe Terrasse mit Sonne den ganzen Tag,<br \/>\nAu\u00dfendusche (hei\u00df \/ kalt),<br \/>\nviele Terrassenmm\u00f6bel,<br \/>\nGro\u00dfe Picknick-Tisch im Garten,<br \/>\nSchuppen mit Werkzeug und extra K\u00fchlschrank,<br \/>\n5 Fahrr\u00e4der,<br \/>\n2 PKW-Stellpl\u00e4tze.<\/p>\n<p><strong>Unterhaltung<\/strong><br \/>\nSAT-HDTV Franz\u00f6sisch\/Deutsch,<br \/>\nCD\/DVD-Spieler, Bluetooth Musik,<br \/>\nB\u00fccher, Spiele.<br \/>\nInternetanschlu\u00df (WiFi) m\u00f6glich.<\/p>\n<p><strong><u>Nichtraucherhaus, Haustiere nicht gestattet.<\/u><\/strong><\/p>","protected":false},"excerpt":{"rendered":"<p>Lage Nahe dem Zentrum, 3 Minuten zum B\u00ed\u00a4cker, 5 Minuten zum Schwimmbad, 10 Minuten zum Hauptstrand. Karte sehen. Garten rundherum mit freie Sicht. Innen gro\u00dfer Wohnraum mit offener Kamin und sofa mit Chaiselongue, gro\u00dfer Esstisch, offene gut eingerichtete K\u00fcche mit Geschirrsp\u00fcler und Ceranfeld, Waschmaschine Kaffee-, Nespresso- und Senseomaschine, neue Dusch, 1 Schlafzimmer mit Doppelbett und [&hellip;]<\/p>\n","protected":false},"author":3,"featured_media":0,"parent":0,"menu_order":0,"comment_status":"closed","ping_status":"closed","template":"","meta":{"footnotes":""},"class_list":["post-92","page","type-page","status-publish","hentry"],"_links":{"self":[{"href":"https:\/\/www.11urss.com\/de\/wp-json\/wp\/v2\/pages\/92","targetHints":{"allow":["GET"]}}],"collection":[{"href":"https:\/\/www.11urss.com\/de\/wp-json\/wp\/v2\/pages"}],"about":[{"href":"https:\/\/www.11urss.com\/de\/wp-json\/wp\/v2\/types\/page"}],"author":[{"embeddable":true,"href":"https:\/\/www.11urss.com\/de\/wp-json\/wp\/v2\/users\/3"}],"replies":[{"embeddable":true,"href":"https:\/\/www.11urss.com\/de\/wp-json\/wp\/v2\/comments?post=92"}],"version-history":[{"count":20,"href":"https:\/\/www.11urss.com\/de\/wp-json\/wp\/v2\/pages\/92\/revisions"}],"predecessor-version":[{"id":275,"href":"https:\/\/www.11urss.com\/de\/wp-json\/wp\/v2\/pages\/92\/revisions\/275"}],"wp:attachment":[{"href":"https:\/\/www.11urss.com\/de\/wp-json\/wp\/v2\/media?parent=92"}],"curies":[{"name":"wp","href":"https:\/\/api.w.org\/{rel}","templated":true}]}}